{"id":741,"date":"2018-10-10T23:29:19","date_gmt":"2018-10-10T22:29:19","guid":{"rendered":"http:\/\/stand-alger.echonium.com\/stand\/?page_id=741"},"modified":"2025-08-02T02:26:03","modified_gmt":"2025-08-02T01:26:03","slug":"service","status":"publish","type":"page","link":"https:\/\/stand-alger.echonium.com\/stand\/service\/","title":{"rendered":"Service"},"content":{"rendered":"\t\t<div data-elementor-type=\"wp-post\" data-elementor-id=\"741\" class=\"elementor elementor-741\" data-elementor-settings=\"{&quot;ha_cmc_init_switcher&quot;:&quot;no&quot;}\">\n\t\t\t\t\t\t<section class=\"elementor-section elementor-top-section elementor-element elementor-element-b74c963 elementor-section-boxed elementor-section-height-default elementor-section-height-default\" data-id=\"b74c963\" data-element_type=\"section\" data-settings=\"{&quot;_ha_eqh_enable&quot;:false}\">\n\t\t\t\t\t\t<div class=\"elementor-container elementor-column-gap-default\">\n\t\t\t\t\t<div class=\"elementor-column elementor-col-50 elementor-top-column elementor-element elementor-element-370067b\" data-id=\"370067b\" data-element_type=\"column\">\n\t\t\t<div class=\"elementor-widget-wrap elementor-element-populated\">\n\t\t\t\t\t\t<div class=\"elementor-element elementor-element-f871866 elementor-widget elementor-widget-image\" data-id=\"f871866\" data-element_type=\"widget\" data-widget_type=\"image.default\">\n\t\t\t\t<div class=\"elementor-widget-container\">\n\t\t\t\t\t\t\t\t\t\t\t\t\t\t\t\t<a href=\"https:\/\/stand-alger.echonium.com\/stand\/wp-content\/uploads\/2022\/10\/SALON-TOURISME-SITEV2022-3D-2.jpg\" data-elementor-open-lightbox=\"yes\" data-elementor-lightbox-title=\"SALON TOURISME SITEV2022 3D (2)\" data-e-action-hash=\"#elementor-action%3Aaction%3Dlightbox%26settings%3DeyJpZCI6NDU3MiwidXJsIjoiaHR0cHM6XC9cL3N0YW5kLWFsZ2VyLmVjaG9uaXVtLmNvbVwvc3RhbmRcL3dwLWNvbnRlbnRcL3VwbG9hZHNcLzIwMjJcLzEwXC9TQUxPTi1UT1VSSVNNRS1TSVRFVjIwMjItM0QtMi1lMTc1NDAxMzQzODUwNi5qcGcifQ%3D%3D\">\n\t\t\t\t\t\t\t<img fetchpriority=\"high\" decoding=\"async\" width=\"768\" height=\"562\" src=\"https:\/\/stand-alger.echonium.com\/stand\/wp-content\/uploads\/2022\/10\/SALON-TOURISME-SITEV2022-3D-2-e1754013438506-768x562.jpg\" class=\"elementor-animation-bob attachment-medium_large size-medium_large wp-image-4572\" alt=\"Vue d\u2019un stand d\u2019exposition con\u00e7u par Echonium lors d\u2019un salon en Alg\u00e9rie\" srcset=\"https:\/\/stand-alger.echonium.com\/stand\/wp-content\/uploads\/2022\/10\/SALON-TOURISME-SITEV2022-3D-2-e1754013438506-768x562.jpg 768w, https:\/\/stand-alger.echonium.com\/stand\/wp-content\/uploads\/2022\/10\/SALON-TOURISME-SITEV2022-3D-2-e1754013438506-300x220.jpg 300w, https:\/\/stand-alger.echonium.com\/stand\/wp-content\/uploads\/2022\/10\/SALON-TOURISME-SITEV2022-3D-2-e1754013438506-500x366.jpg 500w, https:\/\/stand-alger.echonium.com\/stand\/wp-content\/uploads\/2022\/10\/SALON-TOURISME-SITEV2022-3D-2-e1754013438506-800x586.jpg 800w, https:\/\/stand-alger.echonium.com\/stand\/wp-content\/uploads\/2022\/10\/SALON-TOURISME-SITEV2022-3D-2-e1754013438506.jpg 940w\" sizes=\"(max-width: 768px) 100vw, 768px\" \/>\t\t\t\t\t\t\t\t<\/a>\n\t\t\t\t\t\t\t\t\t\t\t\t\t\t\t<\/div>\n\t\t\t\t<\/div>\n\t\t\t\t\t<\/div>\n\t\t<\/div>\n\t\t\t\t<div class=\"elementor-column elementor-col-50 elementor-top-column elementor-element elementor-element-8070c2a\" data-id=\"8070c2a\" data-element_type=\"column\">\n\t\t\t<div class=\"elementor-widget-wrap elementor-element-populated\">\n\t\t\t\t\t\t<div class=\"elementor-element elementor-element-3b0c3e7 elementor-widget elementor-widget-heading\" data-id=\"3b0c3e7\" data-element_type=\"widget\" data-widget_type=\"heading.default\">\n\t\t\t\t<div class=\"elementor-widget-container\">\n\t\t\t\t\t<h1 class=\"elementor-heading-title elementor-size-default\">r\u00e9alisation de STANDS D'EXPOSITION SUR MESURE<\/h1>\t\t\t\t<\/div>\n\t\t\t\t<\/div>\n\t\t\t\t<div class=\"elementor-element elementor-element-8e1e159 elementor-widget elementor-widget-text-editor\" data-id=\"8e1e159\" data-element_type=\"widget\" data-widget_type=\"text-editor.default\">\n\t\t\t\t<div class=\"elementor-widget-container\">\n\t\t\t\t\t\t\t\t\t<p>La conception de stands est au c\u0153ur de notre savoir-faire. Nous r\u00e9alisons des **stands d&rsquo;exposition** personnalis\u00e9s, allant du simple habillage de surface \u00e0 des structures complexes et innovantes. Notre approche d\u00e9bute par une \u00e9coute attentive de vos besoins, de vos objectifs et de votre identit\u00e9 de marque.<\/p><p><strong>Conception 3D Avanc\u00e9e :<\/strong>** Nos designers donnent vie \u00e0 votre futur stand gr\u00e2ce \u00e0 des mod\u00e9lisations 3D r\u00e9alistes, vous permettant de visualiser chaque d\u00e9tail avant la construction. Nous proposons \u00e9galement des visites virtuelles pour une immersion totale dans votre espace.<\/p><p><strong>Fabrication et Installation Int\u00e9gr\u00e9es :<\/strong>** De l&rsquo;atelier de fabrication \u00e0 l&rsquo;installation sur site, \u00e0 **Alger** ou dans les salons professionnels de l&rsquo;**Alg\u00e9rie** enti\u00e8re, notre \u00e9quipe assure une gestion de projet compl\u00e8te et rigoureuse. Nous utilisons des mat\u00e9riaux de qualit\u00e9 pour garantir la solidit\u00e9 et l&rsquo;esth\u00e9tique de votre stand.<\/p><p><strong>Solutions Innovantes :<\/strong>** \u00c9crans interactifs, \u00e9clairage dynamique, r\u00e9alit\u00e9 augment\u00e9e&#8230; Nous int\u00e9grons les technologies de pointe pour cr\u00e9er des exp\u00e9riences immersives qui laisseront une impression durable sur vos visiteurs.<\/p>\t\t\t\t\t\t\t\t<\/div>\n\t\t\t\t<\/div>\n\t\t\t\t\t<\/div>\n\t\t<\/div>\n\t\t\t\t\t<\/div>\n\t\t<\/section>\n\t\t\t\t<section class=\"elementor-section elementor-top-section elementor-element elementor-element-596c798 elementor-section-boxed elementor-section-height-default elementor-section-height-default\" data-id=\"596c798\" data-element_type=\"section\" data-settings=\"{&quot;_ha_eqh_enable&quot;:false}\">\n\t\t\t\t\t\t<div class=\"elementor-container elementor-column-gap-default\">\n\t\t\t\t\t<div class=\"elementor-column elementor-col-50 elementor-top-column elementor-element elementor-element-7d620b5\" data-id=\"7d620b5\" data-element_type=\"column\">\n\t\t\t<div class=\"elementor-widget-wrap elementor-element-populated\">\n\t\t\t\t\t\t<div class=\"elementor-element elementor-element-c7703d1 elementor-widget elementor-widget-heading\" data-id=\"c7703d1\" data-element_type=\"widget\" data-widget_type=\"heading.default\">\n\t\t\t\t<div class=\"elementor-widget-container\">\n\t\t\t\t\t<h3 class=\"elementor-heading-title elementor-size-default\">\u00c9V\u00c9NEMENTS<\/h3>\t\t\t\t<\/div>\n\t\t\t\t<\/div>\n\t\t\t\t<div class=\"elementor-element elementor-element-ee823c7 elementor-widget elementor-widget-text-editor\" data-id=\"ee823c7\" data-element_type=\"widget\" data-widget_type=\"text-editor.default\">\n\t\t\t\t<div class=\"elementor-widget-container\">\n\t\t\t\t\t\t\t\t\t<p>Cr\u00e9ez une Ambiance Unique pour Vos Occasions Sp\u00e9ciales en Alg\u00e9rie**<\/p><p>Au-del\u00e0 des salons, **ECHONIUM** est votre partenaire pour la transformation de tout espace en un lieu d&rsquo;exception pour vos \u00e9v\u00e9nements professionnels ou corporatifs. Que ce soit pour un lancement de produit, une conf\u00e9rence, une assembl\u00e9e g\u00e9n\u00e9rale, ou une soir\u00e9e de gala \u00e0 **Alger** ou dans une autre ville alg\u00e9rienne, nous cr\u00e9ons des atmosph\u00e8res qui refl\u00e8tent l&rsquo;objectif de votre \u00e9v\u00e9nement.<\/p><p><strong>**Sc\u00e9nographie et Design d&rsquo;Espace :**<\/strong> Nous concevons la mise en sc\u00e8ne compl\u00e8te de votre \u00e9v\u00e9nement, de l&rsquo;agencement des zones d&rsquo;accueil aux espaces de conf\u00e9rence et de restauration.<br \/><strong>**Gestion Technique Compl\u00e8te :**<\/strong> Sonorisation, \u00e9clairage, vid\u00e9o-projection, signal\u00e9tique \u00e9v\u00e9nementielle&#8230; Nous prenons en charge tous les aspects techniques pour une r\u00e9alisation sans accroc.<br \/><strong>**Mobilier et D\u00e9coration Th\u00e9matique :**<\/strong> S\u00e9lection de mobilier adapt\u00e9, \u00e9l\u00e9ments d\u00e9coratifs, et touches personnalis\u00e9es pour une ambiance coh\u00e9rente et m\u00e9morable.<\/p>\t\t\t\t\t\t\t\t<\/div>\n\t\t\t\t<\/div>\n\t\t\t\t\t<\/div>\n\t\t<\/div>\n\t\t\t\t<div class=\"elementor-column elementor-col-50 elementor-top-column elementor-element elementor-element-4aa038d\" data-id=\"4aa038d\" data-element_type=\"column\">\n\t\t\t<div class=\"elementor-widget-wrap elementor-element-populated\">\n\t\t\t\t\t\t<div class=\"elementor-element elementor-element-1b9bbba elementor-widget elementor-widget-image\" data-id=\"1b9bbba\" data-element_type=\"widget\" data-widget_type=\"image.default\">\n\t\t\t\t<div class=\"elementor-widget-container\">\n\t\t\t\t\t\t\t\t\t\t\t\t\t\t\t<img decoding=\"async\" width=\"800\" height=\"600\" src=\"https:\/\/stand-alger.echonium.com\/stand\/wp-content\/uploads\/2025\/07\/salles-evenements.jpg\" class=\"attachment-large size-large wp-image-5499\" alt=\"\" srcset=\"https:\/\/stand-alger.echonium.com\/stand\/wp-content\/uploads\/2025\/07\/salles-evenements.jpg 800w, https:\/\/stand-alger.echonium.com\/stand\/wp-content\/uploads\/2025\/07\/salles-evenements-300x225.jpg 300w, https:\/\/stand-alger.echonium.com\/stand\/wp-content\/uploads\/2025\/07\/salles-evenements-768x576.jpg 768w, https:\/\/stand-alger.echonium.com\/stand\/wp-content\/uploads\/2025\/07\/salles-evenements-500x375.jpg 500w\" sizes=\"(max-width: 800px) 100vw, 800px\" loading=\"lazy\" \/>\t\t\t\t\t\t\t\t\t\t\t\t\t\t\t<\/div>\n\t\t\t\t<\/div>\n\t\t\t\t\t<\/div>\n\t\t<\/div>\n\t\t\t\t\t<\/div>\n\t\t<\/section>\n\t\t\t\t<section class=\"elementor-section elementor-top-section elementor-element elementor-element-8d3c391 elementor-section-boxed elementor-section-height-default elementor-section-height-default\" data-id=\"8d3c391\" data-element_type=\"section\" data-settings=\"{&quot;_ha_eqh_enable&quot;:false}\">\n\t\t\t\t\t\t<div class=\"elementor-container elementor-column-gap-default\">\n\t\t\t\t\t<div class=\"elementor-column elementor-col-50 elementor-top-column elementor-element elementor-element-ebd7daf\" data-id=\"ebd7daf\" data-element_type=\"column\" data-settings=\"{&quot;background_background&quot;:&quot;classic&quot;}\">\n\t\t\t<div class=\"elementor-widget-wrap elementor-element-populated\">\n\t\t\t\t\t\t<div class=\"elementor-element elementor-element-90c75fc elementor-widget elementor-widget-shortcode\" data-id=\"90c75fc\" data-element_type=\"widget\" data-widget_type=\"shortcode.default\">\n\t\t\t\t<div class=\"elementor-widget-container\">\n\t\t\t\t\t\t\t<div class=\"elementor-shortcode\"><!-- ipanorama begin --><div class=\"ipanorama ipnrm-2\" data-json-src=\"https:\/\/stand-alger.echonium.com\/stand\/wp-json\/ipanorama\/v1\/item\/2\" data-item-id=\"2\" style=\"display:none;\"><div class=\"ipnrm-store\" style=\"display:none;\">\n<div class=\"ipnrm-scene\" data-scene-id=\"2677017AD9\">\n<div class=\"ipnrm-markers-data\">\n<\/div>\n<div class=\"ipnrm-tooltips-data\">\n<\/div>\n<div class=\"ipnrm-popovers-data\">\n<\/div>\n<\/div>\n<div class=\"ipnrm-scene\" data-scene-id=\"A58F417A1C\">\n<div class=\"ipnrm-markers-data\">\n<\/div>\n<div class=\"ipnrm-tooltips-data\">\n<\/div>\n<div class=\"ipnrm-popovers-data\">\n<\/div>\n<\/div>\n<div class=\"ipnrm-scene\" data-scene-id=\"14D0A39D9F\">\n<div class=\"ipnrm-markers-data\">\n<\/div>\n<div class=\"ipnrm-tooltips-data\">\n<\/div>\n<div class=\"ipnrm-popovers-data\">\n<\/div>\n<\/div>\n<\/div><\/div><!-- ipanorama end --><\/div>\n\t\t\t\t\t\t<\/div>\n\t\t\t\t<\/div>\n\t\t\t\t\t<\/div>\n\t\t<\/div>\n\t\t\t\t<div class=\"elementor-column elementor-col-50 elementor-top-column elementor-element elementor-element-83e6190\" data-id=\"83e6190\" data-element_type=\"column\">\n\t\t\t<div class=\"elementor-widget-wrap elementor-element-populated\">\n\t\t\t\t\t\t<div class=\"elementor-element elementor-element-3ec31c2 elementor-widget elementor-widget-heading\" data-id=\"3ec31c2\" data-element_type=\"widget\" data-widget_type=\"heading.default\">\n\t\t\t\t<div class=\"elementor-widget-container\">\n\t\t\t\t\t<h3 class=\"elementor-heading-title elementor-size-default\">SHOWROOMS &amp; ESPACES PERMANENTS :<\/h3>\t\t\t\t<\/div>\n\t\t\t\t<\/div>\n\t\t\t\t<div class=\"elementor-element elementor-element-8f2a824 elementor-widget elementor-widget-text-editor\" data-id=\"8f2a824\" data-element_type=\"widget\" data-widget_type=\"text-editor.default\">\n\t\t\t\t<div class=\"elementor-widget-container\">\n\t\t\t\t\t\t\t\t\t<p>Valorisez Votre Marque au Quotidien<\/p><p>La premi\u00e8re impression est cruciale, et cela s&rsquo;applique aussi \u00e0 vos espaces permanents. **ECHONIUM** vous accompagne dans le relooking et l&rsquo;am\u00e9nagement de vos showrooms, halls d&rsquo;accueil, bureaux et espaces de vente en **Alg\u00e9rie**, transformant ces lieux en de v\u00e9ritables outils de communication et de promotion.<\/p><p><strong>**Relooking de Bureaux et Halls d&rsquo;Accueil :**<\/strong> Cr\u00e9ez un environnement professionnel et accueillant qui inspire confiance et refl\u00e8te votre image de marque d\u00e8s l&rsquo;entr\u00e9e.<br \/><strong>**Conception d&rsquo;Espaces d&rsquo;Exposition Permanents :**<\/strong> Mettez en valeur vos produits et services dans un showroom con\u00e7u pour optimiser l&rsquo;exp\u00e9rience client et encourager l&rsquo;interaction.<br \/><strong>**Signal\u00e9tique Int\u00e9rieure et Ext\u00e9rieure :**<\/strong> Une signal\u00e9tique claire et esth\u00e9tique pour guider vos visiteurs et renforcer votre identit\u00e9 visuelle.<br \/><strong>**Am\u00e9nagement de Plateaux TV et Studios :**<\/strong> Pour les m\u00e9dias ou les entreprises n\u00e9cessitant des espaces de tournage, nous cr\u00e9ons des d\u00e9cors fonctionnels et visuellement attrayants.<\/p>\t\t\t\t\t\t\t\t<\/div>\n\t\t\t\t<\/div>\n\t\t\t\t\t<\/div>\n\t\t<\/div>\n\t\t\t\t\t<\/div>\n\t\t<\/section>\n\t\t\t\t<\/div>\n\t\t","protected":false},"excerpt":{"rendered":"<p>r\u00e9alisation de STANDS D&rsquo;EXPOSITION SUR MESURE La conception de stands est au c\u0153ur de notre savoir-faire. Nous r\u00e9alisons des **stands d&rsquo;exposition** personnalis\u00e9s, allant du simple habillage de surface \u00e0 des structures complexes et innovantes. Notre approche d\u00e9bute par une \u00e9coute attentive de vos besoins, de vos objectifs et de votre identit\u00e9 de marque. Conception 3D [&hellip;]<\/p>\n","protected":false},"author":1,"featured_media":0,"parent":0,"menu_order":0,"comment_status":"closed","ping_status":"closed","template":"","meta":{"_vp_format_video_url":"","_vp_image_focal_point":[],"footnotes":""},"folder":[79],"class_list":["post-741","page","type-page","status-publish","hentry"],"blocksy_meta":{"styles_descriptor":{"styles":{"desktop":"","tablet":"","mobile":""},"google_fonts":[],"version":6}},"yoast_head":"<!-- This site is optimized with the Yoast SEO plugin v27.3 - https:\/\/yoast.com\/product\/yoast-seo-wordpress\/ -->\n<title>Service - ECHONIUM Standiste Alger<\/title>\n<meta name=\"robots\" content=\"index, follow, max-snippet:-1, max-image-preview:large, max-video-preview:-1\" \/>\n<link rel=\"canonical\" href=\"https:\/\/stand-alger.echonium.com\/stand\/service\/\" \/>\n<meta property=\"og:locale\" content=\"fr_FR\" \/>\n<meta property=\"og:type\" content=\"article\" \/>\n<meta property=\"og:title\" content=\"Service - ECHONIUM Standiste Alger\" \/>\n<meta property=\"og:description\" content=\"r\u00e9alisation de STANDS D&rsquo;EXPOSITION SUR MESURE La conception de stands est au c\u0153ur de notre savoir-faire. Nous r\u00e9alisons des **stands d&rsquo;exposition** personnalis\u00e9s, allant du simple habillage de surface \u00e0 des structures complexes et innovantes. Notre approche d\u00e9bute par une \u00e9coute attentive de vos besoins, de vos objectifs et de votre identit\u00e9 de marque. Conception 3D [&hellip;]\" \/>\n<meta property=\"og:url\" content=\"https:\/\/stand-alger.echonium.com\/stand\/service\/\" \/>\n<meta property=\"og:site_name\" content=\"ECHONIUM Standiste Alger\" \/>\n<meta property=\"article:publisher\" content=\"https:\/\/www.facebook.com\/echonium2010\/\" \/>\n<meta property=\"article:modified_time\" content=\"2025-08-02T01:26:03+00:00\" \/>\n<meta property=\"og:image\" content=\"https:\/\/stand-alger.echonium.com\/stand\/wp-content\/uploads\/2022\/10\/SALON-TOURISME-SITEV2022-3D-2-e1754013438506.jpg\" \/>\n\t<meta property=\"og:image:width\" content=\"940\" \/>\n\t<meta property=\"og:image:height\" content=\"688\" \/>\n\t<meta property=\"og:image:type\" content=\"image\/jpeg\" \/>\n<meta name=\"twitter:card\" content=\"summary_large_image\" \/>\n<meta name=\"twitter:label1\" content=\"Dur\u00e9e de lecture estim\u00e9e\" \/>\n\t<meta name=\"twitter:data1\" content=\"3 minutes\" \/>\n<script type=\"application\/ld+json\" class=\"yoast-schema-graph\">{\"@context\":\"https:\\\/\\\/schema.org\",\"@graph\":[{\"@type\":\"WebPage\",\"@id\":\"https:\\\/\\\/stand-alger.echonium.com\\\/stand\\\/service\\\/\",\"url\":\"https:\\\/\\\/stand-alger.echonium.com\\\/stand\\\/service\\\/\",\"name\":\"Service - ECHONIUM Standiste Alger\",\"isPartOf\":{\"@id\":\"https:\\\/\\\/stand-alger.echonium.com\\\/stand\\\/#website\"},\"primaryImageOfPage\":{\"@id\":\"https:\\\/\\\/stand-alger.echonium.com\\\/stand\\\/service\\\/#primaryimage\"},\"image\":{\"@id\":\"https:\\\/\\\/stand-alger.echonium.com\\\/stand\\\/service\\\/#primaryimage\"},\"thumbnailUrl\":\"https:\\\/\\\/stand-alger.echonium.com\\\/stand\\\/wp-content\\\/uploads\\\/2022\\\/10\\\/SALON-TOURISME-SITEV2022-3D-2-e1754013438506-768x562.jpg\",\"datePublished\":\"2018-10-10T22:29:19+00:00\",\"dateModified\":\"2025-08-02T01:26:03+00:00\",\"breadcrumb\":{\"@id\":\"https:\\\/\\\/stand-alger.echonium.com\\\/stand\\\/service\\\/#breadcrumb\"},\"inLanguage\":\"fr-FR\",\"potentialAction\":[{\"@type\":\"ReadAction\",\"target\":[\"https:\\\/\\\/stand-alger.echonium.com\\\/stand\\\/service\\\/\"]}]},{\"@type\":\"ImageObject\",\"inLanguage\":\"fr-FR\",\"@id\":\"https:\\\/\\\/stand-alger.echonium.com\\\/stand\\\/service\\\/#primaryimage\",\"url\":\"https:\\\/\\\/stand-alger.echonium.com\\\/stand\\\/wp-content\\\/uploads\\\/2022\\\/10\\\/SALON-TOURISME-SITEV2022-3D-2-e1754013438506.jpg\",\"contentUrl\":\"https:\\\/\\\/stand-alger.echonium.com\\\/stand\\\/wp-content\\\/uploads\\\/2022\\\/10\\\/SALON-TOURISME-SITEV2022-3D-2-e1754013438506.jpg\",\"width\":940,\"height\":688,\"caption\":\"Vue d\u2019un stand d\u2019exposition con\u00e7u par Echonium lors d\u2019un salon en Alg\u00e9rie\"},{\"@type\":\"BreadcrumbList\",\"@id\":\"https:\\\/\\\/stand-alger.echonium.com\\\/stand\\\/service\\\/#breadcrumb\",\"itemListElement\":[{\"@type\":\"ListItem\",\"position\":1,\"name\":\"Accueil\",\"item\":\"https:\\\/\\\/stand-alger.echonium.com\\\/stand\\\/\"},{\"@type\":\"ListItem\",\"position\":2,\"name\":\"Service\"}]},{\"@type\":\"WebSite\",\"@id\":\"https:\\\/\\\/stand-alger.echonium.com\\\/stand\\\/#website\",\"url\":\"https:\\\/\\\/stand-alger.echonium.com\\\/stand\\\/\",\"name\":\"ECHONIUM Stand et Am\u00e9nagement Alger\",\"description\":\"Am\u00e9nagement d&#039;Espace et de stand en Alg\u00e9rie\",\"publisher\":{\"@id\":\"https:\\\/\\\/stand-alger.echonium.com\\\/stand\\\/#organization\"},\"potentialAction\":[{\"@type\":\"SearchAction\",\"target\":{\"@type\":\"EntryPoint\",\"urlTemplate\":\"https:\\\/\\\/stand-alger.echonium.com\\\/stand\\\/?s={search_term_string}\"},\"query-input\":{\"@type\":\"PropertyValueSpecification\",\"valueRequired\":true,\"valueName\":\"search_term_string\"}}],\"inLanguage\":\"fr-FR\"},{\"@type\":\"Organization\",\"@id\":\"https:\\\/\\\/stand-alger.echonium.com\\\/stand\\\/#organization\",\"name\":\"ECHONIUM STAND ET AM\u00c9NAGEMENT\",\"url\":\"https:\\\/\\\/stand-alger.echonium.com\\\/stand\\\/\",\"logo\":{\"@type\":\"ImageObject\",\"inLanguage\":\"fr-FR\",\"@id\":\"https:\\\/\\\/stand-alger.echonium.com\\\/stand\\\/#\\\/schema\\\/logo\\\/image\\\/\",\"url\":\"http:\\\/\\\/stand-alger.echonium.com\\\/stand\\\/wp-content\\\/uploads\\\/2018\\\/10\\\/logo-echonium2-01.png\",\"contentUrl\":\"http:\\\/\\\/stand-alger.echonium.com\\\/stand\\\/wp-content\\\/uploads\\\/2018\\\/10\\\/logo-echonium2-01.png\",\"width\":805,\"height\":332,\"caption\":\"ECHONIUM STAND ET AM\u00c9NAGEMENT\"},\"image\":{\"@id\":\"https:\\\/\\\/stand-alger.echonium.com\\\/stand\\\/#\\\/schema\\\/logo\\\/image\\\/\"},\"sameAs\":[\"https:\\\/\\\/www.facebook.com\\\/echonium2010\\\/\"]}]}<\/script>\n<!-- \/ Yoast SEO plugin. -->","yoast_head_json":{"title":"Service - ECHONIUM Standiste Alger","robots":{"index":"index","follow":"follow","max-snippet":"max-snippet:-1","max-image-preview":"max-image-preview:large","max-video-preview":"max-video-preview:-1"},"canonical":"https:\/\/stand-alger.echonium.com\/stand\/service\/","og_locale":"fr_FR","og_type":"article","og_title":"Service - ECHONIUM Standiste Alger","og_description":"r\u00e9alisation de STANDS D&rsquo;EXPOSITION SUR MESURE La conception de stands est au c\u0153ur de notre savoir-faire. Nous r\u00e9alisons des **stands d&rsquo;exposition** personnalis\u00e9s, allant du simple habillage de surface \u00e0 des structures complexes et innovantes. Notre approche d\u00e9bute par une \u00e9coute attentive de vos besoins, de vos objectifs et de votre identit\u00e9 de marque. Conception 3D [&hellip;]","og_url":"https:\/\/stand-alger.echonium.com\/stand\/service\/","og_site_name":"ECHONIUM Standiste Alger","article_publisher":"https:\/\/www.facebook.com\/echonium2010\/","article_modified_time":"2025-08-02T01:26:03+00:00","og_image":[{"width":940,"height":688,"url":"https:\/\/stand-alger.echonium.com\/stand\/wp-content\/uploads\/2022\/10\/SALON-TOURISME-SITEV2022-3D-2-e1754013438506.jpg","type":"image\/jpeg"}],"twitter_card":"summary_large_image","twitter_misc":{"Dur\u00e9e de lecture estim\u00e9e":"3 minutes"},"schema":{"@context":"https:\/\/schema.org","@graph":[{"@type":"WebPage","@id":"https:\/\/stand-alger.echonium.com\/stand\/service\/","url":"https:\/\/stand-alger.echonium.com\/stand\/service\/","name":"Service - ECHONIUM Standiste Alger","isPartOf":{"@id":"https:\/\/stand-alger.echonium.com\/stand\/#website"},"primaryImageOfPage":{"@id":"https:\/\/stand-alger.echonium.com\/stand\/service\/#primaryimage"},"image":{"@id":"https:\/\/stand-alger.echonium.com\/stand\/service\/#primaryimage"},"thumbnailUrl":"https:\/\/stand-alger.echonium.com\/stand\/wp-content\/uploads\/2022\/10\/SALON-TOURISME-SITEV2022-3D-2-e1754013438506-768x562.jpg","datePublished":"2018-10-10T22:29:19+00:00","dateModified":"2025-08-02T01:26:03+00:00","breadcrumb":{"@id":"https:\/\/stand-alger.echonium.com\/stand\/service\/#breadcrumb"},"inLanguage":"fr-FR","potentialAction":[{"@type":"ReadAction","target":["https:\/\/stand-alger.echonium.com\/stand\/service\/"]}]},{"@type":"ImageObject","inLanguage":"fr-FR","@id":"https:\/\/stand-alger.echonium.com\/stand\/service\/#primaryimage","url":"https:\/\/stand-alger.echonium.com\/stand\/wp-content\/uploads\/2022\/10\/SALON-TOURISME-SITEV2022-3D-2-e1754013438506.jpg","contentUrl":"https:\/\/stand-alger.echonium.com\/stand\/wp-content\/uploads\/2022\/10\/SALON-TOURISME-SITEV2022-3D-2-e1754013438506.jpg","width":940,"height":688,"caption":"Vue d\u2019un stand d\u2019exposition con\u00e7u par Echonium lors d\u2019un salon en Alg\u00e9rie"},{"@type":"BreadcrumbList","@id":"https:\/\/stand-alger.echonium.com\/stand\/service\/#breadcrumb","itemListElement":[{"@type":"ListItem","position":1,"name":"Accueil","item":"https:\/\/stand-alger.echonium.com\/stand\/"},{"@type":"ListItem","position":2,"name":"Service"}]},{"@type":"WebSite","@id":"https:\/\/stand-alger.echonium.com\/stand\/#website","url":"https:\/\/stand-alger.echonium.com\/stand\/","name":"ECHONIUM Stand et Am\u00e9nagement Alger","description":"Am\u00e9nagement d&#039;Espace et de stand en Alg\u00e9rie","publisher":{"@id":"https:\/\/stand-alger.echonium.com\/stand\/#organization"},"potentialAction":[{"@type":"SearchAction","target":{"@type":"EntryPoint","urlTemplate":"https:\/\/stand-alger.echonium.com\/stand\/?s={search_term_string}"},"query-input":{"@type":"PropertyValueSpecification","valueRequired":true,"valueName":"search_term_string"}}],"inLanguage":"fr-FR"},{"@type":"Organization","@id":"https:\/\/stand-alger.echonium.com\/stand\/#organization","name":"ECHONIUM STAND ET AM\u00c9NAGEMENT","url":"https:\/\/stand-alger.echonium.com\/stand\/","logo":{"@type":"ImageObject","inLanguage":"fr-FR","@id":"https:\/\/stand-alger.echonium.com\/stand\/#\/schema\/logo\/image\/","url":"http:\/\/stand-alger.echonium.com\/stand\/wp-content\/uploads\/2018\/10\/logo-echonium2-01.png","contentUrl":"http:\/\/stand-alger.echonium.com\/stand\/wp-content\/uploads\/2018\/10\/logo-echonium2-01.png","width":805,"height":332,"caption":"ECHONIUM STAND ET AM\u00c9NAGEMENT"},"image":{"@id":"https:\/\/stand-alger.echonium.com\/stand\/#\/schema\/logo\/image\/"},"sameAs":["https:\/\/www.facebook.com\/echonium2010\/"]}]}},"_links":{"self":[{"href":"https:\/\/stand-alger.echonium.com\/stand\/wp-json\/wp\/v2\/pages\/741","targetHints":{"allow":["GET"]}}],"collection":[{"href":"https:\/\/stand-alger.echonium.com\/stand\/wp-json\/wp\/v2\/pages"}],"about":[{"href":"https:\/\/stand-alger.echonium.com\/stand\/wp-json\/wp\/v2\/types\/page"}],"author":[{"embeddable":true,"href":"https:\/\/stand-alger.echonium.com\/stand\/wp-json\/wp\/v2\/users\/1"}],"replies":[{"embeddable":true,"href":"https:\/\/stand-alger.echonium.com\/stand\/wp-json\/wp\/v2\/comments?post=741"}],"version-history":[{"count":6,"href":"https:\/\/stand-alger.echonium.com\/stand\/wp-json\/wp\/v2\/pages\/741\/revisions"}],"predecessor-version":[{"id":6180,"href":"https:\/\/stand-alger.echonium.com\/stand\/wp-json\/wp\/v2\/pages\/741\/revisions\/6180"}],"wp:attachment":[{"href":"https:\/\/stand-alger.echonium.com\/stand\/wp-json\/wp\/v2\/media?parent=741"}],"wp:term":[{"taxonomy":"folder","embeddable":true,"href":"https:\/\/stand-alger.echonium.com\/stand\/wp-json\/wp\/v2\/folder?post=741"}],"curies":[{"name":"wp","href":"https:\/\/api.w.org\/{rel}","templated":true}]}}