{"id":5936,"date":"2025-08-01T00:25:04","date_gmt":"2025-07-31T23:25:04","guid":{"rendered":"https:\/\/stand-alger.echonium.com\/stand\/?page_id=5936"},"modified":"2025-08-01T23:32:04","modified_gmt":"2025-08-01T22:32:04","slug":"realisation-de-stand-sur-mesure-en-algerie","status":"publish","type":"page","link":"https:\/\/stand-alger.echonium.com\/stand\/realisation-de-stand-sur-mesure-en-algerie\/","title":{"rendered":"stand sur mesure"},"content":{"rendered":"\t\t<div data-elementor-type=\"wp-post\" data-elementor-id=\"5936\" class=\"elementor elementor-5936\" data-elementor-settings=\"{&quot;ha_cmc_init_switcher&quot;:&quot;no&quot;}\">\n\t\t\t\t\t\t<section class=\"elementor-section elementor-top-section elementor-element elementor-element-4e7a251 elementor-section-full_width elementor-section-content-middle elementor-section-height-default elementor-section-height-default\" data-id=\"4e7a251\" data-element_type=\"section\" data-settings=\"{&quot;background_background&quot;:&quot;classic&quot;,&quot;_ha_eqh_enable&quot;:false}\">\n\t\t\t\t\t\t<div class=\"elementor-container elementor-column-gap-no\">\n\t\t\t\t\t<div class=\"elementor-column elementor-col-50 elementor-top-column elementor-element elementor-element-817afa2\" data-id=\"817afa2\" data-element_type=\"column\">\n\t\t\t<div class=\"elementor-widget-wrap elementor-element-populated\">\n\t\t\t\t\t\t<div class=\"elementor-element elementor-element-c51aee7 animated-slow ha-has-bg-overlay elementor-invisible elementor-widget elementor-widget-text-editor\" data-id=\"c51aee7\" data-element_type=\"widget\" data-settings=\"{&quot;_animation&quot;:&quot;fadeInRight&quot;,&quot;_animation_delay&quot;:500}\" data-widget_type=\"text-editor.default\">\n\t\t\t\t<div class=\"elementor-widget-container\">\n\t\t\t\t\t\t\t\t\t<h1 class=\"elementor-heading-title elementor-size-default elementor-inline-editing pen\" contenteditable=\"true\" data-elementor-setting-key=\"title\" data-pen-placeholder=\"\u00c9crivez ici...\"><span style=\"color: #ffffff;\">R\u00e9alisation de stand sur-mesure en Alg\u00e9rie<\/span><\/h1><p>\u00a0<\/p><p>La <strong>r\u00e9alisation de stand sur-mesure en Alg\u00e9rie<\/strong> repr\u00e9sente bien plus qu\u2019un simple am\u00e9nagement d\u2019espace. En effet, il s\u2019agit d\u2019un outil strat\u00e9gique qui valorise votre image de marque tout en attirant vos visiteurs. Gr\u00e2ce \u00e0 son savoir-faire local, <strong>Echonium<\/strong> con\u00e7oit des stands personnalis\u00e9s, performants et adapt\u00e9s \u00e0 tous les types d\u2019\u00e9v\u00e9nements professionnels en Alg\u00e9rie.<\/p>\t\t\t\t\t\t\t\t<\/div>\n\t\t\t\t<\/div>\n\t\t\t\t\t<\/div>\n\t\t<\/div>\n\t\t\t\t<div class=\"elementor-column elementor-col-50 elementor-top-column elementor-element elementor-element-f98a2ad\" data-id=\"f98a2ad\" data-element_type=\"column\">\n\t\t\t<div class=\"elementor-widget-wrap elementor-element-populated\">\n\t\t\t\t\t\t<div class=\"elementor-element elementor-element-46cb9f6 elementor-invisible elementor-widget elementor-widget-image\" data-id=\"46cb9f6\" data-element_type=\"widget\" data-settings=\"{&quot;_animation&quot;:&quot;slideInLeft&quot;}\" data-widget_type=\"image.default\">\n\t\t\t\t<div class=\"elementor-widget-container\">\n\t\t\t\t\t\t\t\t\t\t\t\t\t\t\t<img fetchpriority=\"high\" decoding=\"async\" width=\"768\" height=\"489\" src=\"https:\/\/stand-alger.echonium.com\/stand\/wp-content\/uploads\/2025\/07\/3D-AIR-ALGERIE-2025-7-Copie-768x489.jpg\" class=\"attachment-medium_large size-medium_large wp-image-5589\" alt=\"\" srcset=\"https:\/\/stand-alger.echonium.com\/stand\/wp-content\/uploads\/2025\/07\/3D-AIR-ALGERIE-2025-7-Copie-768x489.jpg 768w, https:\/\/stand-alger.echonium.com\/stand\/wp-content\/uploads\/2025\/07\/3D-AIR-ALGERIE-2025-7-Copie-300x191.jpg 300w, https:\/\/stand-alger.echonium.com\/stand\/wp-content\/uploads\/2025\/07\/3D-AIR-ALGERIE-2025-7-Copie-1024x651.jpg 1024w, https:\/\/stand-alger.echonium.com\/stand\/wp-content\/uploads\/2025\/07\/3D-AIR-ALGERIE-2025-7-Copie-500x318.jpg 500w, https:\/\/stand-alger.echonium.com\/stand\/wp-content\/uploads\/2025\/07\/3D-AIR-ALGERIE-2025-7-Copie-800x509.jpg 800w, https:\/\/stand-alger.echonium.com\/stand\/wp-content\/uploads\/2025\/07\/3D-AIR-ALGERIE-2025-7-Copie.jpg 1237w\" sizes=\"(max-width: 768px) 100vw, 768px\" \/>\t\t\t\t\t\t\t\t\t\t\t\t\t\t\t<\/div>\n\t\t\t\t<\/div>\n\t\t\t\t\t<\/div>\n\t\t<\/div>\n\t\t\t\t\t<\/div>\n\t\t<\/section>\n\t\t\t\t<section class=\"elementor-section elementor-top-section elementor-element elementor-element-b9a647f elementor-section-full_width elementor-section-content-middle elementor-section-height-default elementor-section-height-default\" data-id=\"b9a647f\" data-element_type=\"section\" data-settings=\"{&quot;background_background&quot;:&quot;classic&quot;,&quot;_ha_eqh_enable&quot;:false}\">\n\t\t\t\t\t\t\t<div class=\"elementor-background-overlay\"><\/div>\n\t\t\t\t\t\t\t<div class=\"elementor-container elementor-column-gap-default\">\n\t\t\t\t\t<div class=\"elementor-column elementor-col-100 elementor-top-column elementor-element elementor-element-52c1477\" data-id=\"52c1477\" data-element_type=\"column\" data-settings=\"{&quot;background_background&quot;:&quot;classic&quot;}\">\n\t\t\t<div class=\"elementor-widget-wrap elementor-element-populated\">\n\t\t\t\t\t\t<section class=\"elementor-section elementor-inner-section elementor-element elementor-element-7c32df2 elementor-section-content-middle elementor-section-full_width elementor-section-height-default elementor-section-height-default\" data-id=\"7c32df2\" data-element_type=\"section\" data-settings=\"{&quot;_ha_eqh_enable&quot;:false}\">\n\t\t\t\t\t\t<div class=\"elementor-container elementor-column-gap-no\">\n\t\t\t\t\t<div class=\"elementor-column elementor-col-100 elementor-inner-column elementor-element elementor-element-c4cabdd\" data-id=\"c4cabdd\" data-element_type=\"column\" data-settings=\"{&quot;background_background&quot;:&quot;classic&quot;}\">\n\t\t\t<div class=\"elementor-widget-wrap elementor-element-populated\">\n\t\t\t\t\t\t<div class=\"elementor-element elementor-element-b1939c1 elementor-widget elementor-widget-text-editor\" data-id=\"b1939c1\" data-element_type=\"widget\" data-widget_type=\"text-editor.default\">\n\t\t\t\t<div class=\"elementor-widget-container\">\n\t\t\t\t\t\t\t\t\t<h2><span style=\"color: #ffffff;\">Pourquoi opter pour un stand sur-mesure en Alg\u00e9rie ?<\/span><\/h2><p>Contrairement aux solutions standardis\u00e9es, la <strong>r\u00e9alisation de stand sur-mesure en Alg\u00e9rie<\/strong> vous permet d\u2019obtenir un espace totalement personnalis\u00e9. Non seulement le design est adapt\u00e9 \u00e0 votre charte graphique, mais il refl\u00e8te \u00e9galement vos objectifs commerciaux. De plus, un stand sur-mesure vous offre une visibilit\u00e9 renforc\u00e9e face \u00e0 vos concurrents.<\/p><h3><span style=\"color: #ffffff;\">Une pr\u00e9sence sur tout le territoire alg\u00e9rien<\/span><\/h3><p>Que vous exposiez \u00e0 Alger, Oran, Constantine ou ailleurs, nous assurons la <strong>r\u00e9alisation de stand sur-mesure en Alg\u00e9rie<\/strong> avec r\u00e9activit\u00e9. Gr\u00e2ce \u00e0 notre r\u00e9seau local, nous sommes capables d\u2019intervenir rapidement, y compris pour les \u00e9v\u00e9nements organis\u00e9s \u00e0 la SAFEX ou dans d&rsquo;autres centres d\u2019exposition majeurs.<\/p>\t\t\t\t\t\t\t\t<\/div>\n\t\t\t\t<\/div>\n\t\t\t\t\t<\/div>\n\t\t<\/div>\n\t\t\t\t\t<\/div>\n\t\t<\/section>\n\t\t\t\t\t<\/div>\n\t\t<\/div>\n\t\t\t\t\t<\/div>\n\t\t<\/section>\n\t\t\t\t<section class=\"elementor-section elementor-top-section elementor-element elementor-element-c734485 elementor-section-full_width elementor-section-content-middle elementor-section-height-default elementor-section-height-default\" data-id=\"c734485\" data-element_type=\"section\" data-settings=\"{&quot;background_background&quot;:&quot;classic&quot;,&quot;_ha_eqh_enable&quot;:false}\">\n\t\t\t\t\t\t\t<div class=\"elementor-background-overlay\"><\/div>\n\t\t\t\t\t\t\t<div class=\"elementor-container elementor-column-gap-default\">\n\t\t\t\t\t<div class=\"elementor-column elementor-col-100 elementor-top-column elementor-element elementor-element-31f3ed0\" data-id=\"31f3ed0\" data-element_type=\"column\" data-settings=\"{&quot;background_background&quot;:&quot;classic&quot;}\">\n\t\t\t<div class=\"elementor-widget-wrap elementor-element-populated\">\n\t\t\t\t\t\t<section class=\"elementor-section elementor-inner-section elementor-element elementor-element-c7dea49 elementor-section-content-middle elementor-section-full_width elementor-section-height-default elementor-section-height-default\" data-id=\"c7dea49\" data-element_type=\"section\" data-settings=\"{&quot;_ha_eqh_enable&quot;:false}\">\n\t\t\t\t\t\t<div class=\"elementor-container elementor-column-gap-no\">\n\t\t\t\t\t<div class=\"elementor-column elementor-col-50 elementor-inner-column elementor-element elementor-element-1073c4c\" data-id=\"1073c4c\" data-element_type=\"column\" data-settings=\"{&quot;background_background&quot;:&quot;classic&quot;}\">\n\t\t\t<div class=\"elementor-widget-wrap elementor-element-populated\">\n\t\t\t\t\t\t<div class=\"elementor-element elementor-element-b5df32c elementor-invisible elementor-widget elementor-widget-image\" data-id=\"b5df32c\" data-element_type=\"widget\" data-settings=\"{&quot;_animation&quot;:&quot;slideInLeft&quot;}\" data-widget_type=\"image.default\">\n\t\t\t\t<div class=\"elementor-widget-container\">\n\t\t\t\t\t\t\t\t\t\t\t\t\t\t\t<img decoding=\"async\" width=\"1024\" height=\"706\" src=\"https:\/\/stand-alger.echonium.com\/stand\/wp-content\/uploads\/2025\/07\/3D-AIR-ALGERIE-2025-17-e1754064248545-1024x706.jpg?v=1752686503\" class=\"attachment-large size-large wp-image-5640\" alt=\"R\u00e9alisation stand sur-mesure Alg\u00e9rie - Clientt air Alg\u00e9rie\" srcset=\"https:\/\/stand-alger.echonium.com\/stand\/wp-content\/uploads\/2025\/07\/3D-AIR-ALGERIE-2025-17-e1754064248545-1024x706.jpg?v=1752686503 1024w, https:\/\/stand-alger.echonium.com\/stand\/wp-content\/uploads\/2025\/07\/3D-AIR-ALGERIE-2025-17-e1754064248545-300x207.jpg?v=1752686503 300w, https:\/\/stand-alger.echonium.com\/stand\/wp-content\/uploads\/2025\/07\/3D-AIR-ALGERIE-2025-17-e1754064248545-768x529.jpg?v=1752686503 768w, https:\/\/stand-alger.echonium.com\/stand\/wp-content\/uploads\/2025\/07\/3D-AIR-ALGERIE-2025-17-e1754064248545-500x345.jpg?v=1752686503 500w, https:\/\/stand-alger.echonium.com\/stand\/wp-content\/uploads\/2025\/07\/3D-AIR-ALGERIE-2025-17-e1754064248545-800x551.jpg?v=1752686503 800w, https:\/\/stand-alger.echonium.com\/stand\/wp-content\/uploads\/2025\/07\/3D-AIR-ALGERIE-2025-17-e1754064248545.jpg?v=1752686503 1280w\" sizes=\"(max-width: 1024px) 100vw, 1024px\" loading=\"lazy\" \/>\t\t\t\t\t\t\t\t\t\t\t\t\t\t\t<\/div>\n\t\t\t\t<\/div>\n\t\t\t\t\t<\/div>\n\t\t<\/div>\n\t\t\t\t<div class=\"elementor-column elementor-col-50 elementor-inner-column elementor-element elementor-element-e77e468\" data-id=\"e77e468\" data-element_type=\"column\" data-settings=\"{&quot;background_background&quot;:&quot;classic&quot;}\">\n\t\t\t<div class=\"elementor-widget-wrap elementor-element-populated\">\n\t\t\t\t\t\t<div class=\"elementor-element elementor-element-34fdc4c animated-slow ha-has-bg-overlay elementor-invisible elementor-widget elementor-widget-text-editor\" data-id=\"34fdc4c\" data-element_type=\"widget\" data-settings=\"{&quot;_animation&quot;:&quot;fadeInRight&quot;,&quot;_animation_delay&quot;:500}\" data-widget_type=\"text-editor.default\">\n\t\t\t\t<div class=\"elementor-widget-container\">\n\t\t\t\t\t\t\t\t\t<h2><span style=\"color: #ffffff;\">Faites confiance \u00e0 Echonium<\/span><\/h2><p>Depuis plusieurs ann\u00e9es, Echonium est reconnu pour la <strong>r\u00e9alisation de stand sur-mesure en Alg\u00e9rie<\/strong>. Notre force r\u00e9side dans notre capacit\u00e9 \u00e0 allier cr\u00e9ativit\u00e9, rigueur technique et ma\u00eetrise logistique. Par cons\u00e9quent, nos clients b\u00e9n\u00e9ficient de stands fonctionnels, esth\u00e9tiques et livr\u00e9s dans les d\u00e9lais.<\/p><h2><span style=\"color: #ffffff;\">Demandez un devis personnalis\u00e9<\/span><\/h2><p>Vous pr\u00e9parez un \u00e9v\u00e9nement prochainement ? <a href=\"https:\/\/stand-alger.echonium.com\/stand\/contact\/\">Contactez-nous<\/a> d\u00e8s aujourd\u2019hui pour votre <strong>r\u00e9alisation de stand sur-mesure en Alg\u00e9rie<\/strong>. Nous vous fournirons une proposition rapide, adapt\u00e9e \u00e0 vos besoins et \u00e0 votre budget.<\/p>\t\t\t\t\t\t\t\t<\/div>\n\t\t\t\t<\/div>\n\t\t\t\t\t<\/div>\n\t\t<\/div>\n\t\t\t\t\t<\/div>\n\t\t<\/section>\n\t\t\t\t\t<\/div>\n\t\t<\/div>\n\t\t\t\t\t<\/div>\n\t\t<\/section>\n\t\t\t\t<\/div>\n\t\t","protected":false},"excerpt":{"rendered":"<p>R\u00e9alisation de stand sur-mesure en Alg\u00e9rie \u00a0 La r\u00e9alisation de stand sur-mesure en Alg\u00e9rie repr\u00e9sente bien plus qu\u2019un simple am\u00e9nagement d\u2019espace. En effet, il s\u2019agit d\u2019un outil strat\u00e9gique qui valorise votre image de marque tout en attirant vos visiteurs. Gr\u00e2ce \u00e0 son savoir-faire local, Echonium con\u00e7oit des stands personnalis\u00e9s, performants et adapt\u00e9s \u00e0 tous les [&hellip;]<\/p>\n","protected":false},"author":1,"featured_media":5505,"parent":0,"menu_order":0,"comment_status":"closed","ping_status":"closed","template":"elementor_header_footer","meta":{"_vp_format_video_url":"","_vp_image_focal_point":[],"footnotes":""},"folder":[82],"class_list":["post-5936","page","type-page","status-publish","has-post-thumbnail","hentry"],"blocksy_meta":{"styles_descriptor":{"styles":{"desktop":"","tablet":"","mobile":""},"google_fonts":[],"version":6}},"yoast_head":"<!-- This site is optimized with the Yoast SEO plugin v27.3 - https:\/\/yoast.com\/product\/yoast-seo-wordpress\/ -->\n<title>R\u00e9alisation de stand sur-mesure en Alg\u00e9rie | Echonium<\/title>\n<meta name=\"description\" content=\"Conception et R\u00e9alisation de stand sur-mesure en Alg\u00e9rie. Qualit\u00e9, impact, d\u00e9lais ma\u00eetris\u00e9s. Faites confiance \u00e0 Echonium.\" \/>\n<meta name=\"robots\" content=\"index, follow, max-snippet:-1, max-image-preview:large, max-video-preview:-1\" \/>\n<link rel=\"canonical\" href=\"https:\/\/stand-alger.echonium.com\/stand\/realisation-de-stand-sur-mesure-en-algerie\/\" \/>\n<meta property=\"og:locale\" content=\"fr_FR\" \/>\n<meta property=\"og:type\" content=\"article\" \/>\n<meta property=\"og:title\" content=\"R\u00e9alisation de stand sur-mesure en Alg\u00e9rie | Echonium\" \/>\n<meta property=\"og:description\" content=\"Conception et R\u00e9alisation de stand sur-mesure en Alg\u00e9rie. Qualit\u00e9, impact, d\u00e9lais ma\u00eetris\u00e9s. Faites confiance \u00e0 Echonium.\" \/>\n<meta property=\"og:url\" content=\"https:\/\/stand-alger.echonium.com\/stand\/realisation-de-stand-sur-mesure-en-algerie\/\" \/>\n<meta property=\"og:site_name\" content=\"ECHONIUM Standiste Alger\" \/>\n<meta property=\"article:publisher\" content=\"https:\/\/www.facebook.com\/echonium2010\/\" \/>\n<meta property=\"article:modified_time\" content=\"2025-08-01T22:32:04+00:00\" \/>\n<meta property=\"og:image\" content=\"https:\/\/stand-alger.echonium.com\/stand\/wp-content\/uploads\/2025\/07\/3D-AIR-ALGERIE-2025-14-e1754062773572.jpg\" \/>\n\t<meta property=\"og:image:width\" content=\"864\" \/>\n\t<meta property=\"og:image:height\" content=\"1078\" \/>\n\t<meta property=\"og:image:type\" content=\"image\/jpeg\" \/>\n<meta name=\"twitter:card\" content=\"summary_large_image\" \/>\n<meta name=\"twitter:label1\" content=\"Dur\u00e9e de lecture estim\u00e9e\" \/>\n\t<meta name=\"twitter:data1\" content=\"2 minutes\" \/>\n<script type=\"application\/ld+json\" class=\"yoast-schema-graph\">{\"@context\":\"https:\\\/\\\/schema.org\",\"@graph\":[{\"@type\":\"WebPage\",\"@id\":\"https:\\\/\\\/stand-alger.echonium.com\\\/stand\\\/realisation-de-stand-sur-mesure-en-algerie\\\/\",\"url\":\"https:\\\/\\\/stand-alger.echonium.com\\\/stand\\\/realisation-de-stand-sur-mesure-en-algerie\\\/\",\"name\":\"R\u00e9alisation de stand sur-mesure en Alg\u00e9rie | Echonium\",\"isPartOf\":{\"@id\":\"https:\\\/\\\/stand-alger.echonium.com\\\/stand\\\/#website\"},\"primaryImageOfPage\":{\"@id\":\"https:\\\/\\\/stand-alger.echonium.com\\\/stand\\\/realisation-de-stand-sur-mesure-en-algerie\\\/#primaryimage\"},\"image\":{\"@id\":\"https:\\\/\\\/stand-alger.echonium.com\\\/stand\\\/realisation-de-stand-sur-mesure-en-algerie\\\/#primaryimage\"},\"thumbnailUrl\":\"https:\\\/\\\/stand-alger.echonium.com\\\/stand\\\/wp-content\\\/uploads\\\/2025\\\/07\\\/3D-AIR-ALGERIE-2025-14-e1754062773572.jpg\",\"datePublished\":\"2025-07-31T23:25:04+00:00\",\"dateModified\":\"2025-08-01T22:32:04+00:00\",\"description\":\"Conception et R\u00e9alisation de stand sur-mesure en Alg\u00e9rie. Qualit\u00e9, impact, d\u00e9lais ma\u00eetris\u00e9s. Faites confiance \u00e0 Echonium.\",\"breadcrumb\":{\"@id\":\"https:\\\/\\\/stand-alger.echonium.com\\\/stand\\\/realisation-de-stand-sur-mesure-en-algerie\\\/#breadcrumb\"},\"inLanguage\":\"fr-FR\",\"potentialAction\":[{\"@type\":\"ReadAction\",\"target\":[\"https:\\\/\\\/stand-alger.echonium.com\\\/stand\\\/realisation-de-stand-sur-mesure-en-algerie\\\/\"]}]},{\"@type\":\"ImageObject\",\"inLanguage\":\"fr-FR\",\"@id\":\"https:\\\/\\\/stand-alger.echonium.com\\\/stand\\\/realisation-de-stand-sur-mesure-en-algerie\\\/#primaryimage\",\"url\":\"https:\\\/\\\/stand-alger.echonium.com\\\/stand\\\/wp-content\\\/uploads\\\/2025\\\/07\\\/3D-AIR-ALGERIE-2025-14-e1754062773572.jpg\",\"contentUrl\":\"https:\\\/\\\/stand-alger.echonium.com\\\/stand\\\/wp-content\\\/uploads\\\/2025\\\/07\\\/3D-AIR-ALGERIE-2025-14-e1754062773572.jpg\",\"width\":864,\"height\":1078,\"caption\":\"stand air algerie\"},{\"@type\":\"BreadcrumbList\",\"@id\":\"https:\\\/\\\/stand-alger.echonium.com\\\/stand\\\/realisation-de-stand-sur-mesure-en-algerie\\\/#breadcrumb\",\"itemListElement\":[{\"@type\":\"ListItem\",\"position\":1,\"name\":\"Accueil\",\"item\":\"https:\\\/\\\/stand-alger.echonium.com\\\/stand\\\/\"},{\"@type\":\"ListItem\",\"position\":2,\"name\":\"stand sur mesure\"}]},{\"@type\":\"WebSite\",\"@id\":\"https:\\\/\\\/stand-alger.echonium.com\\\/stand\\\/#website\",\"url\":\"https:\\\/\\\/stand-alger.echonium.com\\\/stand\\\/\",\"name\":\"ECHONIUM Stand et Am\u00e9nagement Alger\",\"description\":\"Am\u00e9nagement d&#039;Espace et de stand en Alg\u00e9rie\",\"publisher\":{\"@id\":\"https:\\\/\\\/stand-alger.echonium.com\\\/stand\\\/#organization\"},\"potentialAction\":[{\"@type\":\"SearchAction\",\"target\":{\"@type\":\"EntryPoint\",\"urlTemplate\":\"https:\\\/\\\/stand-alger.echonium.com\\\/stand\\\/?s={search_term_string}\"},\"query-input\":{\"@type\":\"PropertyValueSpecification\",\"valueRequired\":true,\"valueName\":\"search_term_string\"}}],\"inLanguage\":\"fr-FR\"},{\"@type\":\"Organization\",\"@id\":\"https:\\\/\\\/stand-alger.echonium.com\\\/stand\\\/#organization\",\"name\":\"ECHONIUM STAND ET AM\u00c9NAGEMENT\",\"url\":\"https:\\\/\\\/stand-alger.echonium.com\\\/stand\\\/\",\"logo\":{\"@type\":\"ImageObject\",\"inLanguage\":\"fr-FR\",\"@id\":\"https:\\\/\\\/stand-alger.echonium.com\\\/stand\\\/#\\\/schema\\\/logo\\\/image\\\/\",\"url\":\"http:\\\/\\\/stand-alger.echonium.com\\\/stand\\\/wp-content\\\/uploads\\\/2018\\\/10\\\/logo-echonium2-01.png\",\"contentUrl\":\"http:\\\/\\\/stand-alger.echonium.com\\\/stand\\\/wp-content\\\/uploads\\\/2018\\\/10\\\/logo-echonium2-01.png\",\"width\":805,\"height\":332,\"caption\":\"ECHONIUM STAND ET AM\u00c9NAGEMENT\"},\"image\":{\"@id\":\"https:\\\/\\\/stand-alger.echonium.com\\\/stand\\\/#\\\/schema\\\/logo\\\/image\\\/\"},\"sameAs\":[\"https:\\\/\\\/www.facebook.com\\\/echonium2010\\\/\"]}]}<\/script>\n<!-- \/ Yoast SEO plugin. -->","yoast_head_json":{"title":"R\u00e9alisation de stand sur-mesure en Alg\u00e9rie | Echonium","description":"Conception et R\u00e9alisation de stand sur-mesure en Alg\u00e9rie. Qualit\u00e9, impact, d\u00e9lais ma\u00eetris\u00e9s. Faites confiance \u00e0 Echonium.","robots":{"index":"index","follow":"follow","max-snippet":"max-snippet:-1","max-image-preview":"max-image-preview:large","max-video-preview":"max-video-preview:-1"},"canonical":"https:\/\/stand-alger.echonium.com\/stand\/realisation-de-stand-sur-mesure-en-algerie\/","og_locale":"fr_FR","og_type":"article","og_title":"R\u00e9alisation de stand sur-mesure en Alg\u00e9rie | Echonium","og_description":"Conception et R\u00e9alisation de stand sur-mesure en Alg\u00e9rie. Qualit\u00e9, impact, d\u00e9lais ma\u00eetris\u00e9s. Faites confiance \u00e0 Echonium.","og_url":"https:\/\/stand-alger.echonium.com\/stand\/realisation-de-stand-sur-mesure-en-algerie\/","og_site_name":"ECHONIUM Standiste Alger","article_publisher":"https:\/\/www.facebook.com\/echonium2010\/","article_modified_time":"2025-08-01T22:32:04+00:00","og_image":[{"width":864,"height":1078,"url":"https:\/\/stand-alger.echonium.com\/stand\/wp-content\/uploads\/2025\/07\/3D-AIR-ALGERIE-2025-14-e1754062773572.jpg","type":"image\/jpeg"}],"twitter_card":"summary_large_image","twitter_misc":{"Dur\u00e9e de lecture estim\u00e9e":"2 minutes"},"schema":{"@context":"https:\/\/schema.org","@graph":[{"@type":"WebPage","@id":"https:\/\/stand-alger.echonium.com\/stand\/realisation-de-stand-sur-mesure-en-algerie\/","url":"https:\/\/stand-alger.echonium.com\/stand\/realisation-de-stand-sur-mesure-en-algerie\/","name":"R\u00e9alisation de stand sur-mesure en Alg\u00e9rie | Echonium","isPartOf":{"@id":"https:\/\/stand-alger.echonium.com\/stand\/#website"},"primaryImageOfPage":{"@id":"https:\/\/stand-alger.echonium.com\/stand\/realisation-de-stand-sur-mesure-en-algerie\/#primaryimage"},"image":{"@id":"https:\/\/stand-alger.echonium.com\/stand\/realisation-de-stand-sur-mesure-en-algerie\/#primaryimage"},"thumbnailUrl":"https:\/\/stand-alger.echonium.com\/stand\/wp-content\/uploads\/2025\/07\/3D-AIR-ALGERIE-2025-14-e1754062773572.jpg","datePublished":"2025-07-31T23:25:04+00:00","dateModified":"2025-08-01T22:32:04+00:00","description":"Conception et R\u00e9alisation de stand sur-mesure en Alg\u00e9rie. Qualit\u00e9, impact, d\u00e9lais ma\u00eetris\u00e9s. Faites confiance \u00e0 Echonium.","breadcrumb":{"@id":"https:\/\/stand-alger.echonium.com\/stand\/realisation-de-stand-sur-mesure-en-algerie\/#breadcrumb"},"inLanguage":"fr-FR","potentialAction":[{"@type":"ReadAction","target":["https:\/\/stand-alger.echonium.com\/stand\/realisation-de-stand-sur-mesure-en-algerie\/"]}]},{"@type":"ImageObject","inLanguage":"fr-FR","@id":"https:\/\/stand-alger.echonium.com\/stand\/realisation-de-stand-sur-mesure-en-algerie\/#primaryimage","url":"https:\/\/stand-alger.echonium.com\/stand\/wp-content\/uploads\/2025\/07\/3D-AIR-ALGERIE-2025-14-e1754062773572.jpg","contentUrl":"https:\/\/stand-alger.echonium.com\/stand\/wp-content\/uploads\/2025\/07\/3D-AIR-ALGERIE-2025-14-e1754062773572.jpg","width":864,"height":1078,"caption":"stand air algerie"},{"@type":"BreadcrumbList","@id":"https:\/\/stand-alger.echonium.com\/stand\/realisation-de-stand-sur-mesure-en-algerie\/#breadcrumb","itemListElement":[{"@type":"ListItem","position":1,"name":"Accueil","item":"https:\/\/stand-alger.echonium.com\/stand\/"},{"@type":"ListItem","position":2,"name":"stand sur mesure"}]},{"@type":"WebSite","@id":"https:\/\/stand-alger.echonium.com\/stand\/#website","url":"https:\/\/stand-alger.echonium.com\/stand\/","name":"ECHONIUM Stand et Am\u00e9nagement Alger","description":"Am\u00e9nagement d&#039;Espace et de stand en Alg\u00e9rie","publisher":{"@id":"https:\/\/stand-alger.echonium.com\/stand\/#organization"},"potentialAction":[{"@type":"SearchAction","target":{"@type":"EntryPoint","urlTemplate":"https:\/\/stand-alger.echonium.com\/stand\/?s={search_term_string}"},"query-input":{"@type":"PropertyValueSpecification","valueRequired":true,"valueName":"search_term_string"}}],"inLanguage":"fr-FR"},{"@type":"Organization","@id":"https:\/\/stand-alger.echonium.com\/stand\/#organization","name":"ECHONIUM STAND ET AM\u00c9NAGEMENT","url":"https:\/\/stand-alger.echonium.com\/stand\/","logo":{"@type":"ImageObject","inLanguage":"fr-FR","@id":"https:\/\/stand-alger.echonium.com\/stand\/#\/schema\/logo\/image\/","url":"http:\/\/stand-alger.echonium.com\/stand\/wp-content\/uploads\/2018\/10\/logo-echonium2-01.png","contentUrl":"http:\/\/stand-alger.echonium.com\/stand\/wp-content\/uploads\/2018\/10\/logo-echonium2-01.png","width":805,"height":332,"caption":"ECHONIUM STAND ET AM\u00c9NAGEMENT"},"image":{"@id":"https:\/\/stand-alger.echonium.com\/stand\/#\/schema\/logo\/image\/"},"sameAs":["https:\/\/www.facebook.com\/echonium2010\/"]}]}},"_links":{"self":[{"href":"https:\/\/stand-alger.echonium.com\/stand\/wp-json\/wp\/v2\/pages\/5936","targetHints":{"allow":["GET"]}}],"collection":[{"href":"https:\/\/stand-alger.echonium.com\/stand\/wp-json\/wp\/v2\/pages"}],"about":[{"href":"https:\/\/stand-alger.echonium.com\/stand\/wp-json\/wp\/v2\/types\/page"}],"author":[{"embeddable":true,"href":"https:\/\/stand-alger.echonium.com\/stand\/wp-json\/wp\/v2\/users\/1"}],"replies":[{"embeddable":true,"href":"https:\/\/stand-alger.echonium.com\/stand\/wp-json\/wp\/v2\/comments?post=5936"}],"version-history":[{"count":66,"href":"https:\/\/stand-alger.echonium.com\/stand\/wp-json\/wp\/v2\/pages\/5936\/revisions"}],"predecessor-version":[{"id":6143,"href":"https:\/\/stand-alger.echonium.com\/stand\/wp-json\/wp\/v2\/pages\/5936\/revisions\/6143"}],"wp:featuredmedia":[{"embeddable":true,"href":"https:\/\/stand-alger.echonium.com\/stand\/wp-json\/wp\/v2\/media\/5505"}],"wp:attachment":[{"href":"https:\/\/stand-alger.echonium.com\/stand\/wp-json\/wp\/v2\/media?parent=5936"}],"wp:term":[{"taxonomy":"folder","embeddable":true,"href":"https:\/\/stand-alger.echonium.com\/stand\/wp-json\/wp\/v2\/folder?post=5936"}],"curies":[{"name":"wp","href":"https:\/\/api.w.org\/{rel}","templated":true}]}}